{"id":338,"date":"2014-09-26T11:15:53","date_gmt":"2014-09-26T09:15:53","guid":{"rendered":"http:\/\/a-pms.nl\/?page_id=338"},"modified":"2022-11-26T06:33:28","modified_gmt":"2022-11-26T04:33:28","slug":"uber-apms","status":"publish","type":"page","link":"https:\/\/a-pms.nl\/de\/uber-apms\/","title":{"rendered":"\u00dcber APMS"},"content":{"rendered":"<p>APMS ist ein Beratungsunternehmen zur Unterst\u00fctzung des Projektmanagements. Dank unserer langj\u00e4hrigen Erfahrung im Techniksektor und in der Industrie haben wir uns auf diese Branchen spezialisiert. Durch unsere pragmatische und transparente Herangehensweise k\u00f6nnen wir hohe Qualit\u00e4t und exzellente Ergebnisse gew\u00e4hrleisten.<\/p>\n<p>Dieser Ansatz l\u00e4sst sich in einem Wort zusammenfassen: Verl\u00e4sslichkeit. Nicht nur wird Ihr Projekt von uns mit gr\u00f6\u00dftm\u00f6glicher Sorgfalt betreut, Verl\u00e4sslichkeit spiegelt sich auch in klar formulierten und fairen Vereinbarungen wider. Wir bei APMS halten, was wir versprechen! Nur dank dieser offenen und transparenten Arbeitsweise k\u00f6nnen wir auf die effizienteste Art und Weise die optimale L\u00f6sung f\u00fcr Ihre Projekt ermitteln.<\/p>\n<p><strong>Nic Alkema<\/strong><br \/>\nNic Alkema ist Unternehmensinhaber von APMS. Seine langj\u00e4hrige Erfahrung und sein sorgf\u00e4ltig erworbenes Fachwissen bringt er als Erfolgsfaktoren in die punktgenaue Umsetzung von (Interim-) Projekten und ins Vertragsmanagement ein. Nic Alkema verk\u00f6rpert unsere Unternehmensphilosophie: Verl\u00e4sslichkeit, analytisches Denken, Fairness, Geduld und Entschlossenheit.<\/p>\n<p>APMS bietet Ihnen umfassende Unterst\u00fctzung in einer Reihe unterschiedlicher Fachgebiete an. Unser Weg zum Erfolg leitet sich ab aus unserer pragmatischen, effizienten, qualitativ hochwertigen und verl\u00e4sslichen Arbeitsweise. Das spiegelt auch unser Unternehmenslogo wider: ein Team bzw. Projekt, das von der Basis her (d. h., von innen) durch APMS gesteuert wird, symbolisiert durch die gr\u00fcnen Kreise.<\/p>\n<p><strong>APMS: Ihr Projekt, unsere Aufgabe, Ihre L\u00f6sung.<\/strong><\/p>\n<p><a href=\"https:\/\/a-pms.nl\/wp-content\/uploads\/2014\/01\/AlgemeneLeveringsvoorwaarden-APMS-KvK-59320389.pdf\" target=\"_blank\" rel=\"noopener noreferrer\">Allgemeine Gesch\u00e4ftsbedingungen APMS (NL)<\/a><\/p>\n<p><a href=\"https:\/\/a-pms.nl\/wp-content\/uploads\/2022\/11\/Nic-Alkema-CV-DE 1122.pdf\" target=\"_blank\" rel=\"noopener noreferrer\">Nic-Alkema-CV-DE<\/a><\/p>\n","protected":false},"excerpt":{"rendered":"APMS ist ein Beratungsunternehmen zur Unterst\u00fctzung des Projektmanagements. Dank unserer langj\u00e4hrigen Erfahrung im Techniksektor und in der Industrie haben wir uns auf diese Branchen spezialisiert. Durch unsere pragmatische und transparente Herangehensweise k\u00f6nnen wir hohe Qualit\u00e4t und exzellente Ergebnisse gew\u00e4hrleisten. Dieser Ansatz l\u00e4sst sich in einem Wort zusammenfassen: Verl\u00e4sslichkeit. Nicht nur wird Ihr Projekt von uns&#8230; <a class=\"view-article\" href=\"https:\/\/a-pms.nl\/de\/uber-apms\/\">Artikel ansehen<\/a>","protected":false},"author":5,"featured_media":0,"parent":0,"menu_order":0,"comment_status":"open","ping_status":"open","template":"engels.php","meta":{"footnotes":""},"class_list":["post-338","page","type-page","status-publish","hentry"],"yoast_head":"<!-- This site is optimized with the Yoast SEO plugin v27.5 - https:\/\/yoast.com\/product\/yoast-seo-wordpress\/ -->\n<title>APMS: Ihr Projekt, unsere Aufgabe, Ihre L\u00f6sung.<\/title>\n<meta name=\"description\" content=\"Alkema Project Management Support (APMS) unterst\u00fctzt Ihr Unternehmen. Ihr Projekt, unsere Aufgabe, Ihre L\u00f6sung - dank unserer verl\u00e4sslichen Arbeitsweise.\" \/>\n<meta name=\"robots\" content=\"index, follow, max-snippet:-1, max-image-preview:large, max-video-preview:-1\" \/>\n<link rel=\"canonical\" href=\"https:\/\/a-pms.nl\/de\/uber-apms\/\" \/>\n<meta property=\"og:locale\" content=\"de_DE\" \/>\n<meta property=\"og:type\" content=\"article\" \/>\n<meta property=\"og:title\" content=\"APMS: Ihr Projekt, unsere Aufgabe, Ihre L\u00f6sung.\" \/>\n<meta property=\"og:description\" content=\"Alkema Project Management Support (APMS) unterst\u00fctzt Ihr Unternehmen. Ihr Projekt, unsere Aufgabe, Ihre L\u00f6sung - dank unserer verl\u00e4sslichen Arbeitsweise.\" \/>\n<meta property=\"og:url\" content=\"https:\/\/a-pms.nl\/de\/uber-apms\/\" \/>\n<meta property=\"og:site_name\" content=\"APMS\" \/>\n<meta property=\"article:modified_time\" content=\"2022-11-26T04:33:28+00:00\" \/>\n<meta name=\"twitter:card\" content=\"summary_large_image\" \/>\n<meta name=\"twitter:label1\" content=\"Gesch\u00e4tzte Lesezeit\" \/>\n\t<meta name=\"twitter:data1\" content=\"2\u00a0Minuten\" \/>\n<script type=\"application\/ld+json\" class=\"yoast-schema-graph\">{\"@context\":\"https:\\\/\\\/schema.org\",\"@graph\":[{\"@type\":\"WebPage\",\"@id\":\"https:\\\/\\\/a-pms.nl\\\/de\\\/uber-apms\\\/\",\"url\":\"https:\\\/\\\/a-pms.nl\\\/de\\\/uber-apms\\\/\",\"name\":\"APMS: Ihr Projekt, unsere Aufgabe, Ihre L\u00f6sung.\",\"isPartOf\":{\"@id\":\"https:\\\/\\\/a-pms.nl\\\/de\\\/#website\"},\"datePublished\":\"2014-09-26T09:15:53+00:00\",\"dateModified\":\"2022-11-26T04:33:28+00:00\",\"description\":\"Alkema Project Management Support (APMS) unterst\u00fctzt Ihr Unternehmen. Ihr Projekt, unsere Aufgabe, Ihre L\u00f6sung - dank unserer verl\u00e4sslichen Arbeitsweise.\",\"breadcrumb\":{\"@id\":\"https:\\\/\\\/a-pms.nl\\\/de\\\/uber-apms\\\/#breadcrumb\"},\"inLanguage\":\"de\",\"potentialAction\":[{\"@type\":\"ReadAction\",\"target\":[\"https:\\\/\\\/a-pms.nl\\\/de\\\/uber-apms\\\/\"]}]},{\"@type\":\"BreadcrumbList\",\"@id\":\"https:\\\/\\\/a-pms.nl\\\/de\\\/uber-apms\\\/#breadcrumb\",\"itemListElement\":[{\"@type\":\"ListItem\",\"position\":1,\"name\":\"Home\",\"item\":\"https:\\\/\\\/a-pms.nl\\\/de\\\/\"},{\"@type\":\"ListItem\",\"position\":2,\"name\":\"\u00dcber APMS\"}]},{\"@type\":\"WebSite\",\"@id\":\"https:\\\/\\\/a-pms.nl\\\/de\\\/#website\",\"url\":\"https:\\\/\\\/a-pms.nl\\\/de\\\/\",\"name\":\"APMS\",\"description\":\"Project Management Support\",\"publisher\":{\"@id\":\"https:\\\/\\\/a-pms.nl\\\/de\\\/#organization\"},\"potentialAction\":[{\"@type\":\"SearchAction\",\"target\":{\"@type\":\"EntryPoint\",\"urlTemplate\":\"https:\\\/\\\/a-pms.nl\\\/de\\\/?s={search_term_string}\"},\"query-input\":{\"@type\":\"PropertyValueSpecification\",\"valueRequired\":true,\"valueName\":\"search_term_string\"}}],\"inLanguage\":\"de\"},{\"@type\":\"Organization\",\"@id\":\"https:\\\/\\\/a-pms.nl\\\/de\\\/#organization\",\"name\":\"APMS\",\"url\":\"https:\\\/\\\/a-pms.nl\\\/de\\\/\",\"logo\":{\"@type\":\"ImageObject\",\"inLanguage\":\"de\",\"@id\":\"https:\\\/\\\/a-pms.nl\\\/de\\\/#\\\/schema\\\/logo\\\/image\\\/\",\"url\":\"https:\\\/\\\/a-pms.nl\\\/wp-content\\\/uploads\\\/2018\\\/05\\\/cropped-favicon-1.png\",\"contentUrl\":\"https:\\\/\\\/a-pms.nl\\\/wp-content\\\/uploads\\\/2018\\\/05\\\/cropped-favicon-1.png\",\"width\":512,\"height\":512,\"caption\":\"APMS\"},\"image\":{\"@id\":\"https:\\\/\\\/a-pms.nl\\\/de\\\/#\\\/schema\\\/logo\\\/image\\\/\"}}]}<\/script>\n<!-- \/ Yoast SEO plugin. -->","yoast_head_json":{"title":"APMS: Ihr Projekt, unsere Aufgabe, Ihre L\u00f6sung.","description":"Alkema Project Management Support (APMS) unterst\u00fctzt Ihr Unternehmen. Ihr Projekt, unsere Aufgabe, Ihre L\u00f6sung - dank unserer verl\u00e4sslichen Arbeitsweise.","robots":{"index":"index","follow":"follow","max-snippet":"max-snippet:-1","max-image-preview":"max-image-preview:large","max-video-preview":"max-video-preview:-1"},"canonical":"https:\/\/a-pms.nl\/de\/uber-apms\/","og_locale":"de_DE","og_type":"article","og_title":"APMS: Ihr Projekt, unsere Aufgabe, Ihre L\u00f6sung.","og_description":"Alkema Project Management Support (APMS) unterst\u00fctzt Ihr Unternehmen. Ihr Projekt, unsere Aufgabe, Ihre L\u00f6sung - dank unserer verl\u00e4sslichen Arbeitsweise.","og_url":"https:\/\/a-pms.nl\/de\/uber-apms\/","og_site_name":"APMS","article_modified_time":"2022-11-26T04:33:28+00:00","twitter_card":"summary_large_image","twitter_misc":{"Gesch\u00e4tzte Lesezeit":"2\u00a0Minuten"},"schema":{"@context":"https:\/\/schema.org","@graph":[{"@type":"WebPage","@id":"https:\/\/a-pms.nl\/de\/uber-apms\/","url":"https:\/\/a-pms.nl\/de\/uber-apms\/","name":"APMS: Ihr Projekt, unsere Aufgabe, Ihre L\u00f6sung.","isPartOf":{"@id":"https:\/\/a-pms.nl\/de\/#website"},"datePublished":"2014-09-26T09:15:53+00:00","dateModified":"2022-11-26T04:33:28+00:00","description":"Alkema Project Management Support (APMS) unterst\u00fctzt Ihr Unternehmen. Ihr Projekt, unsere Aufgabe, Ihre L\u00f6sung - dank unserer verl\u00e4sslichen Arbeitsweise.","breadcrumb":{"@id":"https:\/\/a-pms.nl\/de\/uber-apms\/#breadcrumb"},"inLanguage":"de","potentialAction":[{"@type":"ReadAction","target":["https:\/\/a-pms.nl\/de\/uber-apms\/"]}]},{"@type":"BreadcrumbList","@id":"https:\/\/a-pms.nl\/de\/uber-apms\/#breadcrumb","itemListElement":[{"@type":"ListItem","position":1,"name":"Home","item":"https:\/\/a-pms.nl\/de\/"},{"@type":"ListItem","position":2,"name":"\u00dcber APMS"}]},{"@type":"WebSite","@id":"https:\/\/a-pms.nl\/de\/#website","url":"https:\/\/a-pms.nl\/de\/","name":"APMS","description":"Project Management Support","publisher":{"@id":"https:\/\/a-pms.nl\/de\/#organization"},"potentialAction":[{"@type":"SearchAction","target":{"@type":"EntryPoint","urlTemplate":"https:\/\/a-pms.nl\/de\/?s={search_term_string}"},"query-input":{"@type":"PropertyValueSpecification","valueRequired":true,"valueName":"search_term_string"}}],"inLanguage":"de"},{"@type":"Organization","@id":"https:\/\/a-pms.nl\/de\/#organization","name":"APMS","url":"https:\/\/a-pms.nl\/de\/","logo":{"@type":"ImageObject","inLanguage":"de","@id":"https:\/\/a-pms.nl\/de\/#\/schema\/logo\/image\/","url":"https:\/\/a-pms.nl\/wp-content\/uploads\/2018\/05\/cropped-favicon-1.png","contentUrl":"https:\/\/a-pms.nl\/wp-content\/uploads\/2018\/05\/cropped-favicon-1.png","width":512,"height":512,"caption":"APMS"},"image":{"@id":"https:\/\/a-pms.nl\/de\/#\/schema\/logo\/image\/"}}]}},"_links":{"self":[{"href":"https:\/\/a-pms.nl\/de\/wp-json\/wp\/v2\/pages\/338","targetHints":{"allow":["GET"]}}],"collection":[{"href":"https:\/\/a-pms.nl\/de\/wp-json\/wp\/v2\/pages"}],"about":[{"href":"https:\/\/a-pms.nl\/de\/wp-json\/wp\/v2\/types\/page"}],"author":[{"embeddable":true,"href":"https:\/\/a-pms.nl\/de\/wp-json\/wp\/v2\/users\/5"}],"replies":[{"embeddable":true,"href":"https:\/\/a-pms.nl\/de\/wp-json\/wp\/v2\/comments?post=338"}],"version-history":[{"count":37,"href":"https:\/\/a-pms.nl\/de\/wp-json\/wp\/v2\/pages\/338\/revisions"}],"predecessor-version":[{"id":18231,"href":"https:\/\/a-pms.nl\/de\/wp-json\/wp\/v2\/pages\/338\/revisions\/18231"}],"wp:attachment":[{"href":"https:\/\/a-pms.nl\/de\/wp-json\/wp\/v2\/media?parent=338"}],"curies":[{"name":"wp","href":"https:\/\/api.w.org\/{rel}","templated":true}]}}