{"id":341,"date":"2014-09-26T11:18:34","date_gmt":"2014-09-26T09:18:34","guid":{"rendered":"http:\/\/a-pms.nl\/?page_id=341"},"modified":"2014-09-26T11:56:49","modified_gmt":"2014-09-26T09:56:49","slug":"apms-project-management-support-2","status":"publish","type":"page","link":"https:\/\/a-pms.nl\/de\/","title":{"rendered":"APMS Project Management Support"},"content":{"rendered":"<p>Alkema Project Management Support ist ein Beratungsunternehmen, das Auftraggeber und Auftragnehmer gleicherma\u00dfen in den Bereichen Vertragsmanagement, Interim Management, Projektmanagement sowie in Rechtsfragen unterst\u00fctzt. Aufgrund unserer langj\u00e4hrigen Erfahrung in der Erd\u00f6l-, Gas- und Offshore-Industrie haben wir uns auf diese Branche spezialisiert.<\/p>\n<p>In APMS haben Sie einen verl\u00e4sslichen Partner! Wir bieten Hilfe und Unterst\u00fctzung in vertragsrechtlichen Fragen sowie beim Interim Management, Projektmanagement und in weiteren Fachgebieten. F\u00fcr faire, transparente und praktikable L\u00f6sungen sind Sie bei uns immer an der richtigen Adresse! Wir freuen uns auf Ihre Kontaktaufnahme im Hinblick auf Ihre L\u00f6sung<\/p>\n<div id=\"callto\"><a href=\"http:\/\/a-pms.nl\/de\/vertrags-management\/\">Vertragsmanagements<\/a> &#8211; <a href=\"http:\/\/a-pms.nl\/de\/interim-management\/\">Interim management<\/a> &#8211; <a href=\"http:\/\/a-pms.nl\/projekt-management\/\">Projekt management<\/a><\/p>\n","protected":false},"excerpt":{"rendered":"Alkema Project Management Support ist ein Beratungsunternehmen, das Auftraggeber und Auftragnehmer gleicherma\u00dfen in den Bereichen Vertragsmanagement, Interim Management, Projektmanagement sowie in Rechtsfragen unterst\u00fctzt. Aufgrund unserer langj\u00e4hrigen Erfahrung in der Erd\u00f6l-, Gas- und Offshore-Industrie haben wir uns auf diese Branche spezialisiert. In APMS haben Sie einen verl\u00e4sslichen Partner! Wir bieten Hilfe und Unterst\u00fctzung in vertragsrechtlichen Fragen&#8230; <a class=\"view-article\" href=\"https:\/\/a-pms.nl\/de\/\">Artikel ansehen<\/a>","protected":false},"author":5,"featured_media":0,"parent":0,"menu_order":0,"comment_status":"open","ping_status":"open","template":"homepage.php","meta":{"footnotes":""},"class_list":["post-341","page","type-page","status-publish","hentry"],"yoast_head":"<!-- This site is optimized with the Yoast SEO plugin v27.3 - https:\/\/yoast.com\/product\/yoast-seo-wordpress\/ -->\n<title>APMS Project Management Support<\/title>\n<meta name=\"description\" content=\"APMS ist f\u00fcr Sie der verl\u00e4ssliche Partner bei vertragsrechtlichen Fragen sowie beim Interim Management, Projektmanagement und in weiteren Fachgebieten.\" \/>\n<meta name=\"robots\" content=\"index, follow, max-snippet:-1, max-image-preview:large, max-video-preview:-1\" \/>\n<link rel=\"canonical\" href=\"https:\/\/a-pms.nl\/de\/\" \/>\n<meta property=\"og:locale\" content=\"de_DE\" \/>\n<meta property=\"og:type\" content=\"article\" \/>\n<meta property=\"og:title\" content=\"APMS Project Management Support\" \/>\n<meta property=\"og:description\" content=\"APMS ist f\u00fcr Sie der verl\u00e4ssliche Partner bei vertragsrechtlichen Fragen sowie beim Interim Management, Projektmanagement und in weiteren Fachgebieten.\" \/>\n<meta property=\"og:url\" content=\"https:\/\/a-pms.nl\/de\/\" \/>\n<meta property=\"og:site_name\" content=\"APMS\" \/>\n<meta property=\"article:modified_time\" content=\"2014-09-26T09:56:49+00:00\" \/>\n<meta name=\"twitter:card\" content=\"summary_large_image\" \/>\n<meta name=\"twitter:label1\" content=\"Gesch\u00e4tzte Lesezeit\" \/>\n\t<meta name=\"twitter:data1\" content=\"1\u00a0Minute\" \/>\n<script type=\"application\/ld+json\" class=\"yoast-schema-graph\">{\"@context\":\"https:\\\/\\\/schema.org\",\"@graph\":[{\"@type\":\"WebPage\",\"@id\":\"https:\\\/\\\/a-pms.nl\\\/de\\\/\",\"url\":\"https:\\\/\\\/a-pms.nl\\\/de\\\/\",\"name\":\"APMS Project Management Support\",\"isPartOf\":{\"@id\":\"https:\\\/\\\/a-pms.nl\\\/de\\\/#website\"},\"datePublished\":\"2014-09-26T09:18:34+00:00\",\"dateModified\":\"2014-09-26T09:56:49+00:00\",\"description\":\"APMS ist f\u00fcr Sie der verl\u00e4ssliche Partner bei vertragsrechtlichen Fragen sowie beim Interim Management, Projektmanagement und in weiteren Fachgebieten.\",\"breadcrumb\":{\"@id\":\"https:\\\/\\\/a-pms.nl\\\/de\\\/#breadcrumb\"},\"inLanguage\":\"de\",\"potentialAction\":[{\"@type\":\"ReadAction\",\"target\":[\"https:\\\/\\\/a-pms.nl\\\/de\\\/\"]}]},{\"@type\":\"BreadcrumbList\",\"@id\":\"https:\\\/\\\/a-pms.nl\\\/de\\\/#breadcrumb\",\"itemListElement\":[{\"@type\":\"ListItem\",\"position\":1,\"name\":\"Home\",\"item\":\"https:\\\/\\\/a-pms.nl\\\/de\\\/\"},{\"@type\":\"ListItem\",\"position\":2,\"name\":\"APMS Project Management Support\"}]},{\"@type\":\"WebSite\",\"@id\":\"https:\\\/\\\/a-pms.nl\\\/de\\\/#website\",\"url\":\"https:\\\/\\\/a-pms.nl\\\/de\\\/\",\"name\":\"APMS\",\"description\":\"Project Management Support\",\"publisher\":{\"@id\":\"https:\\\/\\\/a-pms.nl\\\/de\\\/#organization\"},\"potentialAction\":[{\"@type\":\"SearchAction\",\"target\":{\"@type\":\"EntryPoint\",\"urlTemplate\":\"https:\\\/\\\/a-pms.nl\\\/de\\\/?s={search_term_string}\"},\"query-input\":{\"@type\":\"PropertyValueSpecification\",\"valueRequired\":true,\"valueName\":\"search_term_string\"}}],\"inLanguage\":\"de\"},{\"@type\":\"Organization\",\"@id\":\"https:\\\/\\\/a-pms.nl\\\/de\\\/#organization\",\"name\":\"APMS\",\"url\":\"https:\\\/\\\/a-pms.nl\\\/de\\\/\",\"logo\":{\"@type\":\"ImageObject\",\"inLanguage\":\"de\",\"@id\":\"https:\\\/\\\/a-pms.nl\\\/de\\\/#\\\/schema\\\/logo\\\/image\\\/\",\"url\":\"https:\\\/\\\/a-pms.nl\\\/wp-content\\\/uploads\\\/2018\\\/05\\\/cropped-favicon-1.png\",\"contentUrl\":\"https:\\\/\\\/a-pms.nl\\\/wp-content\\\/uploads\\\/2018\\\/05\\\/cropped-favicon-1.png\",\"width\":512,\"height\":512,\"caption\":\"APMS\"},\"image\":{\"@id\":\"https:\\\/\\\/a-pms.nl\\\/de\\\/#\\\/schema\\\/logo\\\/image\\\/\"}}]}<\/script>\n<!-- \/ Yoast SEO plugin. -->","yoast_head_json":{"title":"APMS Project Management Support","description":"APMS ist f\u00fcr Sie der verl\u00e4ssliche Partner bei vertragsrechtlichen Fragen sowie beim Interim Management, Projektmanagement und in weiteren Fachgebieten.","robots":{"index":"index","follow":"follow","max-snippet":"max-snippet:-1","max-image-preview":"max-image-preview:large","max-video-preview":"max-video-preview:-1"},"canonical":"https:\/\/a-pms.nl\/de\/","og_locale":"de_DE","og_type":"article","og_title":"APMS Project Management Support","og_description":"APMS ist f\u00fcr Sie der verl\u00e4ssliche Partner bei vertragsrechtlichen Fragen sowie beim Interim Management, Projektmanagement und in weiteren Fachgebieten.","og_url":"https:\/\/a-pms.nl\/de\/","og_site_name":"APMS","article_modified_time":"2014-09-26T09:56:49+00:00","twitter_card":"summary_large_image","twitter_misc":{"Gesch\u00e4tzte Lesezeit":"1\u00a0Minute"},"schema":{"@context":"https:\/\/schema.org","@graph":[{"@type":"WebPage","@id":"https:\/\/a-pms.nl\/de\/","url":"https:\/\/a-pms.nl\/de\/","name":"APMS Project Management Support","isPartOf":{"@id":"https:\/\/a-pms.nl\/de\/#website"},"datePublished":"2014-09-26T09:18:34+00:00","dateModified":"2014-09-26T09:56:49+00:00","description":"APMS ist f\u00fcr Sie der verl\u00e4ssliche Partner bei vertragsrechtlichen Fragen sowie beim Interim Management, Projektmanagement und in weiteren Fachgebieten.","breadcrumb":{"@id":"https:\/\/a-pms.nl\/de\/#breadcrumb"},"inLanguage":"de","potentialAction":[{"@type":"ReadAction","target":["https:\/\/a-pms.nl\/de\/"]}]},{"@type":"BreadcrumbList","@id":"https:\/\/a-pms.nl\/de\/#breadcrumb","itemListElement":[{"@type":"ListItem","position":1,"name":"Home","item":"https:\/\/a-pms.nl\/de\/"},{"@type":"ListItem","position":2,"name":"APMS Project Management Support"}]},{"@type":"WebSite","@id":"https:\/\/a-pms.nl\/de\/#website","url":"https:\/\/a-pms.nl\/de\/","name":"APMS","description":"Project Management Support","publisher":{"@id":"https:\/\/a-pms.nl\/de\/#organization"},"potentialAction":[{"@type":"SearchAction","target":{"@type":"EntryPoint","urlTemplate":"https:\/\/a-pms.nl\/de\/?s={search_term_string}"},"query-input":{"@type":"PropertyValueSpecification","valueRequired":true,"valueName":"search_term_string"}}],"inLanguage":"de"},{"@type":"Organization","@id":"https:\/\/a-pms.nl\/de\/#organization","name":"APMS","url":"https:\/\/a-pms.nl\/de\/","logo":{"@type":"ImageObject","inLanguage":"de","@id":"https:\/\/a-pms.nl\/de\/#\/schema\/logo\/image\/","url":"https:\/\/a-pms.nl\/wp-content\/uploads\/2018\/05\/cropped-favicon-1.png","contentUrl":"https:\/\/a-pms.nl\/wp-content\/uploads\/2018\/05\/cropped-favicon-1.png","width":512,"height":512,"caption":"APMS"},"image":{"@id":"https:\/\/a-pms.nl\/de\/#\/schema\/logo\/image\/"}}]}},"_links":{"self":[{"href":"https:\/\/a-pms.nl\/de\/wp-json\/wp\/v2\/pages\/341","targetHints":{"allow":["GET"]}}],"collection":[{"href":"https:\/\/a-pms.nl\/de\/wp-json\/wp\/v2\/pages"}],"about":[{"href":"https:\/\/a-pms.nl\/de\/wp-json\/wp\/v2\/types\/page"}],"author":[{"embeddable":true,"href":"https:\/\/a-pms.nl\/de\/wp-json\/wp\/v2\/users\/5"}],"replies":[{"embeddable":true,"href":"https:\/\/a-pms.nl\/de\/wp-json\/wp\/v2\/comments?post=341"}],"version-history":[{"count":7,"href":"https:\/\/a-pms.nl\/de\/wp-json\/wp\/v2\/pages\/341\/revisions"}],"predecessor-version":[{"id":380,"href":"https:\/\/a-pms.nl\/de\/wp-json\/wp\/v2\/pages\/341\/revisions\/380"}],"wp:attachment":[{"href":"https:\/\/a-pms.nl\/de\/wp-json\/wp\/v2\/media?parent=341"}],"curies":[{"name":"wp","href":"https:\/\/api.w.org\/{rel}","templated":true}]}}