{"id":346,"date":"2014-09-26T11:29:05","date_gmt":"2014-09-26T09:29:05","guid":{"rendered":"http:\/\/a-pms.nl\/?page_id=346"},"modified":"2020-03-04T14:28:32","modified_gmt":"2020-03-04T12:28:32","slug":"vertrags-management","status":"publish","type":"page","link":"https:\/\/a-pms.nl\/de\/vertrags-management\/","title":{"rendered":"Vertrag"},"content":{"rendered":"<p>APMS hilft Auftraggebern bei der Erstellung, \u00dcberarbeitung bzw. \u00dcberpr\u00fcfung aller Arten von Vertr\u00e4gen (Crine -Logic -Fidic (yellow-red-silver) -Bimco -UAV -Incoterms). Unser umfassendes Fachwissen schlie\u00dft u.\u00a0a. Auftragsentwicklung, die Verwaltung von Gesch\u00e4ftsbeziehungen, Risikomanagement und Vertragsverwaltung ein.<\/p>\n<p><strong>Auslagerung des Vertragsmanagements<\/strong><br \/>\nSie k\u00f6nnen APMS mit ruhigem Gewissen Ihr Projekt- und Vertragsmanagement anvertrauen. Wir bieten ein auf gr\u00fcndlichen Analysen beruhendes Vertragsmanagement mit klar formulierten und fairen Vereinbarungen. Ihre Vertr\u00e4ge werden bei APMS von erfahrenen Fachleuten betreut. F\u00fcr Sie bedeutet das: Sicherheit und solides Kostenmanagement!<\/p>\n<p>Welche Vertragsart bzw. welches Problem es auch betrifft, sei es national oder international, bei AMPS k\u00f6nnen wir Ihnen immer die optimale Beratung und eine wirtschaftliche L\u00f6sung f\u00fcr das Management Ihrer Vertr\u00e4ge anbieten.<\/p>\n","protected":false},"excerpt":{"rendered":"APMS hilft Auftraggebern bei der Erstellung, \u00dcberarbeitung bzw. \u00dcberpr\u00fcfung aller Arten von Vertr\u00e4gen (Crine -Logic -Fidic (yellow-red-silver) -Bimco -UAV -Incoterms). Unser umfassendes Fachwissen schlie\u00dft u.\u00a0a. Auftragsentwicklung, die Verwaltung von Gesch\u00e4ftsbeziehungen, Risikomanagement und Vertragsverwaltung ein. Auslagerung des Vertragsmanagements Sie k\u00f6nnen APMS mit ruhigem Gewissen Ihr Projekt- und Vertragsmanagement anvertrauen. Wir bieten ein auf gr\u00fcndlichen Analysen beruhendes&#8230; <a class=\"view-article\" href=\"https:\/\/a-pms.nl\/de\/vertrags-management\/\">Artikel ansehen<\/a>","protected":false},"author":5,"featured_media":0,"parent":0,"menu_order":0,"comment_status":"open","ping_status":"open","template":"engels.php","meta":{"footnotes":""},"class_list":["post-346","page","type-page","status-publish","hentry"],"yoast_head":"<!-- This site is optimized with the Yoast SEO plugin v27.5 - https:\/\/yoast.com\/product\/yoast-seo-wordpress\/ -->\n<title>Vertragsmanager und Interimsl\u00f6sungen, Crine-Fidic-Bimco<\/title>\n<meta name=\"description\" content=\"Vertragsmanagement und Unterst\u00fctzung bei der Erstellung und \u00dcberpr\u00fcfung Ihrer Vertr\u00e4ge, Alkema Project Management Support bietet die optimale L\u00f6sung.\" \/>\n<meta name=\"robots\" content=\"index, follow, max-snippet:-1, max-image-preview:large, max-video-preview:-1\" \/>\n<link rel=\"canonical\" href=\"https:\/\/a-pms.nl\/de\/vertrags-management\/\" \/>\n<meta property=\"og:locale\" content=\"de_DE\" \/>\n<meta property=\"og:type\" content=\"article\" \/>\n<meta property=\"og:title\" content=\"Vertragsmanager und Interimsl\u00f6sungen, Crine-Fidic-Bimco\" \/>\n<meta property=\"og:description\" content=\"Vertragsmanagement und Unterst\u00fctzung bei der Erstellung und \u00dcberpr\u00fcfung Ihrer Vertr\u00e4ge, Alkema Project Management Support bietet die optimale L\u00f6sung.\" \/>\n<meta property=\"og:url\" content=\"https:\/\/a-pms.nl\/de\/vertrags-management\/\" \/>\n<meta property=\"og:site_name\" content=\"APMS\" \/>\n<meta property=\"article:modified_time\" content=\"2020-03-04T12:28:32+00:00\" \/>\n<meta name=\"twitter:card\" content=\"summary_large_image\" \/>\n<meta name=\"twitter:label1\" content=\"Gesch\u00e4tzte Lesezeit\" \/>\n\t<meta name=\"twitter:data1\" content=\"1\u00a0Minute\" \/>\n<script type=\"application\/ld+json\" class=\"yoast-schema-graph\">{\"@context\":\"https:\\\/\\\/schema.org\",\"@graph\":[{\"@type\":\"WebPage\",\"@id\":\"https:\\\/\\\/a-pms.nl\\\/de\\\/vertrags-management\\\/\",\"url\":\"https:\\\/\\\/a-pms.nl\\\/de\\\/vertrags-management\\\/\",\"name\":\"Vertragsmanager und Interimsl\u00f6sungen, Crine-Fidic-Bimco\",\"isPartOf\":{\"@id\":\"https:\\\/\\\/a-pms.nl\\\/de\\\/#website\"},\"datePublished\":\"2014-09-26T09:29:05+00:00\",\"dateModified\":\"2020-03-04T12:28:32+00:00\",\"description\":\"Vertragsmanagement und Unterst\u00fctzung bei der Erstellung und \u00dcberpr\u00fcfung Ihrer Vertr\u00e4ge, Alkema Project Management Support bietet die optimale L\u00f6sung.\",\"breadcrumb\":{\"@id\":\"https:\\\/\\\/a-pms.nl\\\/de\\\/vertrags-management\\\/#breadcrumb\"},\"inLanguage\":\"de\",\"potentialAction\":[{\"@type\":\"ReadAction\",\"target\":[\"https:\\\/\\\/a-pms.nl\\\/de\\\/vertrags-management\\\/\"]}]},{\"@type\":\"BreadcrumbList\",\"@id\":\"https:\\\/\\\/a-pms.nl\\\/de\\\/vertrags-management\\\/#breadcrumb\",\"itemListElement\":[{\"@type\":\"ListItem\",\"position\":1,\"name\":\"Home\",\"item\":\"https:\\\/\\\/a-pms.nl\\\/de\\\/\"},{\"@type\":\"ListItem\",\"position\":2,\"name\":\"Vertrag\"}]},{\"@type\":\"WebSite\",\"@id\":\"https:\\\/\\\/a-pms.nl\\\/de\\\/#website\",\"url\":\"https:\\\/\\\/a-pms.nl\\\/de\\\/\",\"name\":\"APMS\",\"description\":\"Project Management Support\",\"publisher\":{\"@id\":\"https:\\\/\\\/a-pms.nl\\\/de\\\/#organization\"},\"potentialAction\":[{\"@type\":\"SearchAction\",\"target\":{\"@type\":\"EntryPoint\",\"urlTemplate\":\"https:\\\/\\\/a-pms.nl\\\/de\\\/?s={search_term_string}\"},\"query-input\":{\"@type\":\"PropertyValueSpecification\",\"valueRequired\":true,\"valueName\":\"search_term_string\"}}],\"inLanguage\":\"de\"},{\"@type\":\"Organization\",\"@id\":\"https:\\\/\\\/a-pms.nl\\\/de\\\/#organization\",\"name\":\"APMS\",\"url\":\"https:\\\/\\\/a-pms.nl\\\/de\\\/\",\"logo\":{\"@type\":\"ImageObject\",\"inLanguage\":\"de\",\"@id\":\"https:\\\/\\\/a-pms.nl\\\/de\\\/#\\\/schema\\\/logo\\\/image\\\/\",\"url\":\"https:\\\/\\\/a-pms.nl\\\/wp-content\\\/uploads\\\/2018\\\/05\\\/cropped-favicon-1.png\",\"contentUrl\":\"https:\\\/\\\/a-pms.nl\\\/wp-content\\\/uploads\\\/2018\\\/05\\\/cropped-favicon-1.png\",\"width\":512,\"height\":512,\"caption\":\"APMS\"},\"image\":{\"@id\":\"https:\\\/\\\/a-pms.nl\\\/de\\\/#\\\/schema\\\/logo\\\/image\\\/\"}}]}<\/script>\n<!-- \/ Yoast SEO plugin. -->","yoast_head_json":{"title":"Vertragsmanager und Interimsl\u00f6sungen, Crine-Fidic-Bimco","description":"Vertragsmanagement und Unterst\u00fctzung bei der Erstellung und \u00dcberpr\u00fcfung Ihrer Vertr\u00e4ge, Alkema Project Management Support bietet die optimale L\u00f6sung.","robots":{"index":"index","follow":"follow","max-snippet":"max-snippet:-1","max-image-preview":"max-image-preview:large","max-video-preview":"max-video-preview:-1"},"canonical":"https:\/\/a-pms.nl\/de\/vertrags-management\/","og_locale":"de_DE","og_type":"article","og_title":"Vertragsmanager und Interimsl\u00f6sungen, Crine-Fidic-Bimco","og_description":"Vertragsmanagement und Unterst\u00fctzung bei der Erstellung und \u00dcberpr\u00fcfung Ihrer Vertr\u00e4ge, Alkema Project Management Support bietet die optimale L\u00f6sung.","og_url":"https:\/\/a-pms.nl\/de\/vertrags-management\/","og_site_name":"APMS","article_modified_time":"2020-03-04T12:28:32+00:00","twitter_card":"summary_large_image","twitter_misc":{"Gesch\u00e4tzte Lesezeit":"1\u00a0Minute"},"schema":{"@context":"https:\/\/schema.org","@graph":[{"@type":"WebPage","@id":"https:\/\/a-pms.nl\/de\/vertrags-management\/","url":"https:\/\/a-pms.nl\/de\/vertrags-management\/","name":"Vertragsmanager und Interimsl\u00f6sungen, Crine-Fidic-Bimco","isPartOf":{"@id":"https:\/\/a-pms.nl\/de\/#website"},"datePublished":"2014-09-26T09:29:05+00:00","dateModified":"2020-03-04T12:28:32+00:00","description":"Vertragsmanagement und Unterst\u00fctzung bei der Erstellung und \u00dcberpr\u00fcfung Ihrer Vertr\u00e4ge, Alkema Project Management Support bietet die optimale L\u00f6sung.","breadcrumb":{"@id":"https:\/\/a-pms.nl\/de\/vertrags-management\/#breadcrumb"},"inLanguage":"de","potentialAction":[{"@type":"ReadAction","target":["https:\/\/a-pms.nl\/de\/vertrags-management\/"]}]},{"@type":"BreadcrumbList","@id":"https:\/\/a-pms.nl\/de\/vertrags-management\/#breadcrumb","itemListElement":[{"@type":"ListItem","position":1,"name":"Home","item":"https:\/\/a-pms.nl\/de\/"},{"@type":"ListItem","position":2,"name":"Vertrag"}]},{"@type":"WebSite","@id":"https:\/\/a-pms.nl\/de\/#website","url":"https:\/\/a-pms.nl\/de\/","name":"APMS","description":"Project Management Support","publisher":{"@id":"https:\/\/a-pms.nl\/de\/#organization"},"potentialAction":[{"@type":"SearchAction","target":{"@type":"EntryPoint","urlTemplate":"https:\/\/a-pms.nl\/de\/?s={search_term_string}"},"query-input":{"@type":"PropertyValueSpecification","valueRequired":true,"valueName":"search_term_string"}}],"inLanguage":"de"},{"@type":"Organization","@id":"https:\/\/a-pms.nl\/de\/#organization","name":"APMS","url":"https:\/\/a-pms.nl\/de\/","logo":{"@type":"ImageObject","inLanguage":"de","@id":"https:\/\/a-pms.nl\/de\/#\/schema\/logo\/image\/","url":"https:\/\/a-pms.nl\/wp-content\/uploads\/2018\/05\/cropped-favicon-1.png","contentUrl":"https:\/\/a-pms.nl\/wp-content\/uploads\/2018\/05\/cropped-favicon-1.png","width":512,"height":512,"caption":"APMS"},"image":{"@id":"https:\/\/a-pms.nl\/de\/#\/schema\/logo\/image\/"}}]}},"_links":{"self":[{"href":"https:\/\/a-pms.nl\/de\/wp-json\/wp\/v2\/pages\/346","targetHints":{"allow":["GET"]}}],"collection":[{"href":"https:\/\/a-pms.nl\/de\/wp-json\/wp\/v2\/pages"}],"about":[{"href":"https:\/\/a-pms.nl\/de\/wp-json\/wp\/v2\/types\/page"}],"author":[{"embeddable":true,"href":"https:\/\/a-pms.nl\/de\/wp-json\/wp\/v2\/users\/5"}],"replies":[{"embeddable":true,"href":"https:\/\/a-pms.nl\/de\/wp-json\/wp\/v2\/comments?post=346"}],"version-history":[{"count":6,"href":"https:\/\/a-pms.nl\/de\/wp-json\/wp\/v2\/pages\/346\/revisions"}],"predecessor-version":[{"id":18119,"href":"https:\/\/a-pms.nl\/de\/wp-json\/wp\/v2\/pages\/346\/revisions\/18119"}],"wp:attachment":[{"href":"https:\/\/a-pms.nl\/de\/wp-json\/wp\/v2\/media?parent=346"}],"curies":[{"name":"wp","href":"https:\/\/api.w.org\/{rel}","templated":true}]}}