{"id":357,"date":"2014-09-26T11:35:55","date_gmt":"2014-09-26T09:35:55","guid":{"rendered":"http:\/\/a-pms.nl\/?page_id=357"},"modified":"2014-09-26T11:53:45","modified_gmt":"2014-09-26T09:53:45","slug":"projekt-management","status":"publish","type":"page","link":"https:\/\/a-pms.nl\/de\/projekt-management\/","title":{"rendered":"Projekt"},"content":{"rendered":"<p>Bei manchen Projekten ist es geraten, Hilfe von au\u00dfen einzuholen. Wenn bestimmte Kompetenzen innerhalb des Unternehmens nicht abgedeckt werden k\u00f6nnen, Prozesse nicht reibungslos verlaufen oder die Unabh\u00e4ngigkeit der Beteiligten nicht gew\u00e4hrleistet werden kann, dann empfiehlt sich das Projektmanagement von APMS: Die perfekte Antwort auf Probleme, die eine engagierte, unabh\u00e4ngige und klar formulierte L\u00f6sung erfordern.<\/p>\n<p>Wir unterst\u00fctzen unsere Auftraggeber mit den passenden Methoden, einer funktionierenden Kommunikationsstruktur innerhalb des Projekts und unserer hoch motivierten, pragmatischen Herangehensweise. Dadurch k\u00f6nnen Sie die gesteckten Ziele erreichen und das Projekt voranbringen. Innerhalb der gesetzten Fristen und mit dem erwarteten Ergebnis!<\/p>\n<p><strong>Projektmanagement<\/strong><br \/>\nDank unserer breit gef\u00e4cherten Sachkenntnis sind wir bei APMS in der Lage, sehr unterschiedliche Projekte zu managen. Unterst\u00fctzung bieten wir folglich sowohl beim Projektmanagement als auch beim Prozess- und Programmmanagement. Und immer zu Ihrer vollsten Zufriedenheit!<\/p>\n","protected":false},"excerpt":{"rendered":"Bei manchen Projekten ist es geraten, Hilfe von au\u00dfen einzuholen. Wenn bestimmte Kompetenzen innerhalb des Unternehmens nicht abgedeckt werden k\u00f6nnen, Prozesse nicht reibungslos verlaufen oder die Unabh\u00e4ngigkeit der Beteiligten nicht gew\u00e4hrleistet werden kann, dann empfiehlt sich das Projektmanagement von APMS: Die perfekte Antwort auf Probleme, die eine engagierte, unabh\u00e4ngige und klar formulierte L\u00f6sung erfordern. Wir&#8230; <a class=\"view-article\" href=\"https:\/\/a-pms.nl\/de\/projekt-management\/\">Artikel ansehen<\/a>","protected":false},"author":5,"featured_media":0,"parent":0,"menu_order":0,"comment_status":"open","ping_status":"open","template":"engels.php","meta":{"footnotes":""},"class_list":["post-357","page","type-page","status-publish","hentry"],"yoast_head":"<!-- This site is optimized with the Yoast SEO plugin v27.5 - https:\/\/yoast.com\/product\/yoast-seo-wordpress\/ -->\n<title>Ihr Projekt bei APMS in den besten H\u00e4nden.<\/title>\n<meta name=\"description\" content=\"Ben\u00f6tigen Sie f\u00fcr die erfolgreiche Umsetzung eine oder auch mehrere Personen f\u00fcr das Projektmanagement?\" \/>\n<meta name=\"robots\" content=\"index, follow, max-snippet:-1, max-image-preview:large, max-video-preview:-1\" \/>\n<link rel=\"canonical\" href=\"https:\/\/a-pms.nl\/de\/projekt-management\/\" \/>\n<meta property=\"og:locale\" content=\"de_DE\" \/>\n<meta property=\"og:type\" content=\"article\" \/>\n<meta property=\"og:title\" content=\"Ihr Projekt bei APMS in den besten H\u00e4nden.\" \/>\n<meta property=\"og:description\" content=\"Ben\u00f6tigen Sie f\u00fcr die erfolgreiche Umsetzung eine oder auch mehrere Personen f\u00fcr das Projektmanagement?\" \/>\n<meta property=\"og:url\" content=\"https:\/\/a-pms.nl\/de\/projekt-management\/\" \/>\n<meta property=\"og:site_name\" content=\"APMS\" \/>\n<meta property=\"article:modified_time\" content=\"2014-09-26T09:53:45+00:00\" \/>\n<meta name=\"twitter:card\" content=\"summary_large_image\" \/>\n<meta name=\"twitter:label1\" content=\"Gesch\u00e4tzte Lesezeit\" \/>\n\t<meta name=\"twitter:data1\" content=\"1\u00a0Minute\" \/>\n<script type=\"application\/ld+json\" class=\"yoast-schema-graph\">{\"@context\":\"https:\\\/\\\/schema.org\",\"@graph\":[{\"@type\":\"WebPage\",\"@id\":\"https:\\\/\\\/a-pms.nl\\\/de\\\/projekt-management\\\/\",\"url\":\"https:\\\/\\\/a-pms.nl\\\/de\\\/projekt-management\\\/\",\"name\":\"Ihr Projekt bei APMS in den besten H\u00e4nden.\",\"isPartOf\":{\"@id\":\"https:\\\/\\\/a-pms.nl\\\/de\\\/#website\"},\"datePublished\":\"2014-09-26T09:35:55+00:00\",\"dateModified\":\"2014-09-26T09:53:45+00:00\",\"description\":\"Ben\u00f6tigen Sie f\u00fcr die erfolgreiche Umsetzung eine oder auch mehrere Personen f\u00fcr das Projektmanagement?\",\"breadcrumb\":{\"@id\":\"https:\\\/\\\/a-pms.nl\\\/de\\\/projekt-management\\\/#breadcrumb\"},\"inLanguage\":\"de\",\"potentialAction\":[{\"@type\":\"ReadAction\",\"target\":[\"https:\\\/\\\/a-pms.nl\\\/de\\\/projekt-management\\\/\"]}]},{\"@type\":\"BreadcrumbList\",\"@id\":\"https:\\\/\\\/a-pms.nl\\\/de\\\/projekt-management\\\/#breadcrumb\",\"itemListElement\":[{\"@type\":\"ListItem\",\"position\":1,\"name\":\"Home\",\"item\":\"https:\\\/\\\/a-pms.nl\\\/de\\\/\"},{\"@type\":\"ListItem\",\"position\":2,\"name\":\"Projekt\"}]},{\"@type\":\"WebSite\",\"@id\":\"https:\\\/\\\/a-pms.nl\\\/de\\\/#website\",\"url\":\"https:\\\/\\\/a-pms.nl\\\/de\\\/\",\"name\":\"APMS\",\"description\":\"Project Management Support\",\"publisher\":{\"@id\":\"https:\\\/\\\/a-pms.nl\\\/de\\\/#organization\"},\"potentialAction\":[{\"@type\":\"SearchAction\",\"target\":{\"@type\":\"EntryPoint\",\"urlTemplate\":\"https:\\\/\\\/a-pms.nl\\\/de\\\/?s={search_term_string}\"},\"query-input\":{\"@type\":\"PropertyValueSpecification\",\"valueRequired\":true,\"valueName\":\"search_term_string\"}}],\"inLanguage\":\"de\"},{\"@type\":\"Organization\",\"@id\":\"https:\\\/\\\/a-pms.nl\\\/de\\\/#organization\",\"name\":\"APMS\",\"url\":\"https:\\\/\\\/a-pms.nl\\\/de\\\/\",\"logo\":{\"@type\":\"ImageObject\",\"inLanguage\":\"de\",\"@id\":\"https:\\\/\\\/a-pms.nl\\\/de\\\/#\\\/schema\\\/logo\\\/image\\\/\",\"url\":\"https:\\\/\\\/a-pms.nl\\\/wp-content\\\/uploads\\\/2018\\\/05\\\/cropped-favicon-1.png\",\"contentUrl\":\"https:\\\/\\\/a-pms.nl\\\/wp-content\\\/uploads\\\/2018\\\/05\\\/cropped-favicon-1.png\",\"width\":512,\"height\":512,\"caption\":\"APMS\"},\"image\":{\"@id\":\"https:\\\/\\\/a-pms.nl\\\/de\\\/#\\\/schema\\\/logo\\\/image\\\/\"}}]}<\/script>\n<!-- \/ Yoast SEO plugin. -->","yoast_head_json":{"title":"Ihr Projekt bei APMS in den besten H\u00e4nden.","description":"Ben\u00f6tigen Sie f\u00fcr die erfolgreiche Umsetzung eine oder auch mehrere Personen f\u00fcr das Projektmanagement?","robots":{"index":"index","follow":"follow","max-snippet":"max-snippet:-1","max-image-preview":"max-image-preview:large","max-video-preview":"max-video-preview:-1"},"canonical":"https:\/\/a-pms.nl\/de\/projekt-management\/","og_locale":"de_DE","og_type":"article","og_title":"Ihr Projekt bei APMS in den besten H\u00e4nden.","og_description":"Ben\u00f6tigen Sie f\u00fcr die erfolgreiche Umsetzung eine oder auch mehrere Personen f\u00fcr das Projektmanagement?","og_url":"https:\/\/a-pms.nl\/de\/projekt-management\/","og_site_name":"APMS","article_modified_time":"2014-09-26T09:53:45+00:00","twitter_card":"summary_large_image","twitter_misc":{"Gesch\u00e4tzte Lesezeit":"1\u00a0Minute"},"schema":{"@context":"https:\/\/schema.org","@graph":[{"@type":"WebPage","@id":"https:\/\/a-pms.nl\/de\/projekt-management\/","url":"https:\/\/a-pms.nl\/de\/projekt-management\/","name":"Ihr Projekt bei APMS in den besten H\u00e4nden.","isPartOf":{"@id":"https:\/\/a-pms.nl\/de\/#website"},"datePublished":"2014-09-26T09:35:55+00:00","dateModified":"2014-09-26T09:53:45+00:00","description":"Ben\u00f6tigen Sie f\u00fcr die erfolgreiche Umsetzung eine oder auch mehrere Personen f\u00fcr das Projektmanagement?","breadcrumb":{"@id":"https:\/\/a-pms.nl\/de\/projekt-management\/#breadcrumb"},"inLanguage":"de","potentialAction":[{"@type":"ReadAction","target":["https:\/\/a-pms.nl\/de\/projekt-management\/"]}]},{"@type":"BreadcrumbList","@id":"https:\/\/a-pms.nl\/de\/projekt-management\/#breadcrumb","itemListElement":[{"@type":"ListItem","position":1,"name":"Home","item":"https:\/\/a-pms.nl\/de\/"},{"@type":"ListItem","position":2,"name":"Projekt"}]},{"@type":"WebSite","@id":"https:\/\/a-pms.nl\/de\/#website","url":"https:\/\/a-pms.nl\/de\/","name":"APMS","description":"Project Management Support","publisher":{"@id":"https:\/\/a-pms.nl\/de\/#organization"},"potentialAction":[{"@type":"SearchAction","target":{"@type":"EntryPoint","urlTemplate":"https:\/\/a-pms.nl\/de\/?s={search_term_string}"},"query-input":{"@type":"PropertyValueSpecification","valueRequired":true,"valueName":"search_term_string"}}],"inLanguage":"de"},{"@type":"Organization","@id":"https:\/\/a-pms.nl\/de\/#organization","name":"APMS","url":"https:\/\/a-pms.nl\/de\/","logo":{"@type":"ImageObject","inLanguage":"de","@id":"https:\/\/a-pms.nl\/de\/#\/schema\/logo\/image\/","url":"https:\/\/a-pms.nl\/wp-content\/uploads\/2018\/05\/cropped-favicon-1.png","contentUrl":"https:\/\/a-pms.nl\/wp-content\/uploads\/2018\/05\/cropped-favicon-1.png","width":512,"height":512,"caption":"APMS"},"image":{"@id":"https:\/\/a-pms.nl\/de\/#\/schema\/logo\/image\/"}}]}},"_links":{"self":[{"href":"https:\/\/a-pms.nl\/de\/wp-json\/wp\/v2\/pages\/357","targetHints":{"allow":["GET"]}}],"collection":[{"href":"https:\/\/a-pms.nl\/de\/wp-json\/wp\/v2\/pages"}],"about":[{"href":"https:\/\/a-pms.nl\/de\/wp-json\/wp\/v2\/types\/page"}],"author":[{"embeddable":true,"href":"https:\/\/a-pms.nl\/de\/wp-json\/wp\/v2\/users\/5"}],"replies":[{"embeddable":true,"href":"https:\/\/a-pms.nl\/de\/wp-json\/wp\/v2\/comments?post=357"}],"version-history":[{"count":1,"href":"https:\/\/a-pms.nl\/de\/wp-json\/wp\/v2\/pages\/357\/revisions"}],"predecessor-version":[{"id":358,"href":"https:\/\/a-pms.nl\/de\/wp-json\/wp\/v2\/pages\/357\/revisions\/358"}],"wp:attachment":[{"href":"https:\/\/a-pms.nl\/de\/wp-json\/wp\/v2\/media?parent=357"}],"curies":[{"name":"wp","href":"https:\/\/api.w.org\/{rel}","templated":true}]}}